{"id":3458,"date":"2020-09-18T04:06:31","date_gmt":"2020-09-18T04:06:31","guid":{"rendered":"https:\/\/qualitycontrols.mx\/demo2\/?page_id=3458"},"modified":"2022-03-25T05:27:54","modified_gmt":"2022-03-25T05:27:54","slug":"business-automation","status":"publish","type":"page","link":"https:\/\/qualitycontrols.mx\/?page_id=3458","title":{"rendered":"Nuestros servicios"},"content":{"rendered":"\t\t<div data-elementor-type=\"wp-page\" data-elementor-id=\"3458\" class=\"elementor elementor-3458\">\n\t\t\t\t\t\t\t\t\t<section class=\"elementor-section elementor-top-section elementor-element elementor-element-43d9749 elementor-section-stretched elementor-section-boxed elementor-section-height-default elementor-section-height-default\" data-id=\"43d9749\" data-element_type=\"section\" data-settings=\"{&quot;stretch_section&quot;:&quot;section-stretched&quot;,&quot;background_background&quot;:&quot;classic&quot;}\">\n\t\t\t\t\t\t<div class=\"elementor-container elementor-column-gap-default\">\n\t\t\t\t\t<div class=\"elementor-column elementor-col-33 elementor-top-column elementor-element elementor-element-f8eed4b\" data-id=\"f8eed4b\" data-element_type=\"column\">\n\t\t\t<div class=\"elementor-widget-wrap elementor-element-populated\">\n\t\t\t\t\t\t\t\t<div class=\"elementor-element elementor-element-eb7edf5 elementor-invisible elementor-widget elementor-widget-heading\" data-id=\"eb7edf5\" data-element_type=\"widget\" data-settings=\"{&quot;_animation&quot;:&quot;fadeInUp&quot;,&quot;_animation_delay&quot;:300}\" data-widget_type=\"heading.default\">\n\t\t\t\t<div class=\"elementor-widget-container\">\n\t\t\t<h3 class=\"elementor-heading-title elementor-size-default\">Certificaciones<\/h3>\t\t<\/div>\n\t\t\t\t<\/div>\n\t\t\t\t<div class=\"elementor-element elementor-element-8db1cd7 elementor-position-left service-two-box-two radiantthemes-retina elementor-vertical-align-top elementor-widget elementor-widget-image-box\" data-id=\"8db1cd7\" data-element_type=\"widget\" data-widget_type=\"image-box.default\">\n\t\t\t\t<div class=\"elementor-widget-container\">\n\t\t\t<div class=\"elementor-image-box-wrapper\"><figure class=\"elementor-image-box-img\"><img decoding=\"async\" width=\"37\" height=\"37\" src=\"https:\/\/qualitycontrols.mx\/wp-content\/uploads\/2020\/08\/crecle-02.png\" class=\"attachment-full size-full wp-image-1981\" alt=\"\" \/><\/figure><div class=\"elementor-image-box-content\"><h3 class=\"elementor-image-box-title\">Certificaci\u00f3n de Sistemas de Calidad en ISO 9001, ISO 14001, ISO 45001 e ISO 37001<\/h3><\/div><\/div>\t\t<\/div>\n\t\t\t\t<\/div>\n\t\t\t\t<div class=\"elementor-element elementor-element-6c9cb07 elementor-position-left service-two-box-two radiantthemes-retina elementor-vertical-align-top elementor-widget elementor-widget-image-box\" data-id=\"6c9cb07\" data-element_type=\"widget\" data-widget_type=\"image-box.default\">\n\t\t\t\t<div class=\"elementor-widget-container\">\n\t\t\t<div class=\"elementor-image-box-wrapper\"><figure class=\"elementor-image-box-img\"><img decoding=\"async\" width=\"37\" height=\"37\" src=\"https:\/\/qualitycontrols.mx\/wp-content\/uploads\/2020\/08\/crecle-02.png\" class=\"attachment-full size-full wp-image-1981\" alt=\"\" \/><\/figure><div class=\"elementor-image-box-content\"><h3 class=\"elementor-image-box-title\">Diagn\u00f3stico del Sistema de Calidad.<\/h3><\/div><\/div>\t\t<\/div>\n\t\t\t\t<\/div>\n\t\t\t\t<div class=\"elementor-element elementor-element-a283831 elementor-position-left service-two-box-two radiantthemes-retina elementor-vertical-align-top elementor-widget elementor-widget-image-box\" data-id=\"a283831\" data-element_type=\"widget\" data-widget_type=\"image-box.default\">\n\t\t\t\t<div class=\"elementor-widget-container\">\n\t\t\t<div class=\"elementor-image-box-wrapper\"><figure class=\"elementor-image-box-img\"><img decoding=\"async\" width=\"37\" height=\"37\" src=\"https:\/\/qualitycontrols.mx\/wp-content\/uploads\/2020\/08\/crecle-02.png\" class=\"attachment-full size-full wp-image-1981\" alt=\"\" \/><\/figure><div class=\"elementor-image-box-content\"><h3 class=\"elementor-image-box-title\">Elaboraci\u00f3n de Manuales y Procedimientos.<\/h3><\/div><\/div>\t\t<\/div>\n\t\t\t\t<\/div>\n\t\t\t\t<div class=\"elementor-element elementor-element-f795c2d elementor-position-left service-two-box-two radiantthemes-retina elementor-vertical-align-top elementor-widget elementor-widget-image-box\" data-id=\"f795c2d\" data-element_type=\"widget\" data-widget_type=\"image-box.default\">\n\t\t\t\t<div class=\"elementor-widget-container\">\n\t\t\t<div class=\"elementor-image-box-wrapper\"><figure class=\"elementor-image-box-img\"><img decoding=\"async\" width=\"37\" height=\"37\" src=\"https:\/\/qualitycontrols.mx\/wp-content\/uploads\/2020\/08\/crecle-02.png\" class=\"attachment-full size-full wp-image-1981\" alt=\"\" \/><\/figure><div class=\"elementor-image-box-content\"><h3 class=\"elementor-image-box-title\">Implantaci\u00f3n del Sistema de Gesti\u00f3n de Calidad.\u200b<\/h3><\/div><\/div>\t\t<\/div>\n\t\t\t\t<\/div>\n\t\t\t\t\t<\/div>\n\t\t<\/div>\n\t\t\t\t<div class=\"elementor-column elementor-col-33 elementor-top-column elementor-element elementor-element-285d6d2 elementor-hidden-tablet\" data-id=\"285d6d2\" data-element_type=\"column\">\n\t\t\t<div class=\"elementor-widget-wrap\">\n\t\t\t\t\t\t\t\t\t<\/div>\n\t\t<\/div>\n\t\t\t\t<div class=\"elementor-column elementor-col-33 elementor-top-column elementor-element elementor-element-3394fc8\" data-id=\"3394fc8\" data-element_type=\"column\">\n\t\t\t<div class=\"elementor-widget-wrap elementor-element-populated\">\n\t\t\t\t\t\t\t\t<div class=\"elementor-element elementor-element-8c2bc1f elementor-widget elementor-widget-image\" data-id=\"8c2bc1f\" data-element_type=\"widget\" data-widget_type=\"image.default\">\n\t\t\t\t<div class=\"elementor-widget-container\">\n\t\t\t\t\t\t\t\t\t\t\t\t\t\t\t<img fetchpriority=\"high\" decoding=\"async\" width=\"568\" height=\"593\" src=\"https:\/\/qualitycontrols.mx\/wp-content\/uploads\/2020\/09\/service-two-right-image.jpg\" class=\"attachment-full size-full wp-image-3472\" alt=\"\" srcset=\"https:\/\/qualitycontrols.mx\/wp-content\/uploads\/2020\/09\/service-two-right-image.jpg 568w, https:\/\/qualitycontrols.mx\/wp-content\/uploads\/2020\/09\/service-two-right-image-287x300.jpg 287w\" sizes=\"(max-width: 568px) 100vw, 568px\" \/>\t\t\t\t\t\t\t\t\t\t\t\t\t\t\t<\/div>\n\t\t\t\t<\/div>\n\t\t\t\t<section class=\"elementor-section elementor-inner-section elementor-element elementor-element-2536625 elementor-section-boxed elementor-section-height-default elementor-section-height-default\" data-id=\"2536625\" data-element_type=\"section\">\n\t\t\t\t\t\t<div class=\"elementor-container elementor-column-gap-default\">\n\t\t\t\t\t<div class=\"elementor-column elementor-col-33 elementor-inner-column elementor-element elementor-element-bb25666\" data-id=\"bb25666\" data-element_type=\"column\">\n\t\t\t<div class=\"elementor-widget-wrap\">\n\t\t\t\t\t\t\t\t\t<\/div>\n\t\t<\/div>\n\t\t\t\t<div class=\"elementor-column elementor-col-33 elementor-inner-column elementor-element elementor-element-cfe151f\" data-id=\"cfe151f\" data-element_type=\"column\" data-settings=\"{&quot;background_background&quot;:&quot;classic&quot;}\">\n\t\t\t<div class=\"elementor-widget-wrap elementor-element-populated\">\n\t\t\t\t\t\t\t\t<div class=\"elementor-element elementor-element-9a5e245 elementor-invisible elementor-widget elementor-widget-heading\" data-id=\"9a5e245\" data-element_type=\"widget\" data-settings=\"{&quot;_animation&quot;:&quot;fadeInUp&quot;,&quot;_animation_delay&quot;:300}\" data-widget_type=\"heading.default\">\n\t\t\t\t<div class=\"elementor-widget-container\">\n\t\t\t<h3 class=\"elementor-heading-title elementor-size-default\">Auditor\u00edas Internas de Calidad.\u200b\n\n\u200b<\/h3>\t\t<\/div>\n\t\t\t\t<\/div>\n\t\t\t\t\t<\/div>\n\t\t<\/div>\n\t\t\t\t<div class=\"elementor-column elementor-col-33 elementor-inner-column elementor-element elementor-element-884b642\" data-id=\"884b642\" data-element_type=\"column\">\n\t\t\t<div class=\"elementor-widget-wrap\">\n\t\t\t\t\t\t\t\t\t<\/div>\n\t\t<\/div>\n\t\t\t\t\t\t\t<\/div>\n\t\t<\/section>\n\t\t\t\t\t<\/div>\n\t\t<\/div>\n\t\t\t\t\t\t\t<\/div>\n\t\t<\/section>\n\t\t\t\t<section class=\"elementor-section elementor-top-section elementor-element elementor-element-8a39dac elementor-section-stretched elementor-section-boxed elementor-section-height-default elementor-section-height-default\" data-id=\"8a39dac\" data-element_type=\"section\" data-settings=\"{&quot;stretch_section&quot;:&quot;section-stretched&quot;,&quot;background_background&quot;:&quot;classic&quot;}\">\n\t\t\t\t\t\t<div class=\"elementor-container elementor-column-gap-default\">\n\t\t\t\t\t<div class=\"elementor-column elementor-col-50 elementor-top-column elementor-element elementor-element-f113470\" data-id=\"f113470\" data-element_type=\"column\">\n\t\t\t<div class=\"elementor-widget-wrap elementor-element-populated\">\n\t\t\t\t\t\t\t\t<div class=\"elementor-element elementor-element-da6aeb0 elementor-hidden-desktop elementor-widget elementor-widget-image\" data-id=\"da6aeb0\" data-element_type=\"widget\" data-widget_type=\"image.default\">\n\t\t\t\t<div class=\"elementor-widget-container\">\n\t\t\t\t\t\t\t\t\t\t\t\t\t\t\t<img decoding=\"async\" width=\"715\" height=\"700\" src=\"https:\/\/qualitycontrols.mx\/wp-content\/uploads\/2020\/12\/res.jpg\" class=\"attachment-full size-full wp-image-32762\" alt=\"\" srcset=\"https:\/\/qualitycontrols.mx\/wp-content\/uploads\/2020\/12\/res.jpg 715w, https:\/\/qualitycontrols.mx\/wp-content\/uploads\/2020\/12\/res-300x294.jpg 300w, https:\/\/qualitycontrols.mx\/wp-content\/uploads\/2020\/12\/res-600x587.jpg 600w\" sizes=\"(max-width: 715px) 100vw, 715px\" \/>\t\t\t\t\t\t\t\t\t\t\t\t\t\t\t<\/div>\n\t\t\t\t<\/div>\n\t\t\t\t\t<\/div>\n\t\t<\/div>\n\t\t\t\t<div class=\"elementor-column elementor-col-50 elementor-top-column elementor-element elementor-element-4ffe9e6\" data-id=\"4ffe9e6\" data-element_type=\"column\">\n\t\t\t<div class=\"elementor-widget-wrap elementor-element-populated\">\n\t\t\t\t\t\t\t\t<div class=\"elementor-element elementor-element-49ddc73 elementor-widget elementor-widget-heading\" data-id=\"49ddc73\" data-element_type=\"widget\" data-widget_type=\"heading.default\">\n\t\t\t\t<div class=\"elementor-widget-container\">\n\t\t\t<h3 class=\"elementor-heading-title elementor-size-default\">Cursos y talleres<\/h3>\t\t<\/div>\n\t\t\t\t<\/div>\n\t\t\t\t<div class=\"elementor-element elementor-element-416d3ed elementor-position-left radiantthemes-retina modified-icon elementor-vertical-align-top elementor-widget elementor-widget-image-box\" data-id=\"416d3ed\" data-element_type=\"widget\" data-widget_type=\"image-box.default\">\n\t\t\t\t<div class=\"elementor-widget-container\">\n\t\t\t<div class=\"elementor-image-box-wrapper\"><figure class=\"elementor-image-box-img\"><img loading=\"lazy\" decoding=\"async\" width=\"50\" height=\"46\" src=\"https:\/\/qualitycontrols.mx\/wp-content\/uploads\/2020\/08\/home-three-ring.png\" class=\"attachment-full size-full wp-image-1395\" alt=\"\" \/><\/figure><div class=\"elementor-image-box-content\"><h3 class=\"elementor-image-box-title\">Curso de las 7 Herramientas Estad\u00edsticas.\u200b<\/h3><\/div><\/div>\t\t<\/div>\n\t\t\t\t<\/div>\n\t\t\t\t<div class=\"elementor-element elementor-element-a50af9b elementor-position-left radiantthemes-retina  modified-icon elementor-vertical-align-top elementor-widget elementor-widget-image-box\" data-id=\"a50af9b\" data-element_type=\"widget\" data-widget_type=\"image-box.default\">\n\t\t\t\t<div class=\"elementor-widget-container\">\n\t\t\t<div class=\"elementor-image-box-wrapper\"><figure class=\"elementor-image-box-img\"><img loading=\"lazy\" decoding=\"async\" width=\"38\" height=\"60\" src=\"https:\/\/qualitycontrols.mx\/wp-content\/uploads\/2020\/11\/idea.png\" class=\"attachment-full size-full wp-image-32558\" alt=\"\" \/><\/figure><div class=\"elementor-image-box-content\"><h3 class=\"elementor-image-box-title\">Implementaci\u00f3n de Equipos de Mejora\u200b  \u200b<\/h3><\/div><\/div>\t\t<\/div>\n\t\t\t\t<\/div>\n\t\t\t\t<div class=\"elementor-element elementor-element-a45cb95 elementor-position-left radiantthemes-retina modified-icon elementor-vertical-align-top elementor-widget elementor-widget-image-box\" data-id=\"a45cb95\" data-element_type=\"widget\" data-widget_type=\"image-box.default\">\n\t\t\t\t<div class=\"elementor-widget-container\">\n\t\t\t<div class=\"elementor-image-box-wrapper\"><figure class=\"elementor-image-box-img\"><img loading=\"lazy\" decoding=\"async\" width=\"50\" height=\"50\" src=\"https:\/\/qualitycontrols.mx\/wp-content\/uploads\/2020\/11\/analytics.png\" class=\"attachment-full size-full wp-image-32557\" alt=\"\" \/><\/figure><div class=\"elementor-image-box-content\"><h3 class=\"elementor-image-box-title\">Taller de 5\u00b4s<\/h3><\/div><\/div>\t\t<\/div>\n\t\t\t\t<\/div>\n\t\t\t\t<div class=\"elementor-element elementor-element-d639cab elementor-position-left radiantthemes-retina modified-icon elementor-vertical-align-top elementor-widget elementor-widget-image-box\" data-id=\"d639cab\" data-element_type=\"widget\" data-widget_type=\"image-box.default\">\n\t\t\t\t<div class=\"elementor-widget-container\">\n\t\t\t<div class=\"elementor-image-box-wrapper\"><figure class=\"elementor-image-box-img\"><img loading=\"lazy\" decoding=\"async\" width=\"38\" height=\"44\" src=\"https:\/\/qualitycontrols.mx\/wp-content\/uploads\/2020\/10\/notes.png\" class=\"attachment-full size-full wp-image-32618\" alt=\"\" \/><\/figure><div class=\"elementor-image-box-content\"><h3 class=\"elementor-image-box-title\">Planeaci\u00f3n Estrat\u00e9gica<\/h3><\/div><\/div>\t\t<\/div>\n\t\t\t\t<\/div>\n\t\t\t\t<div class=\"elementor-element elementor-element-7015d23 elementor-position-left radiantthemes-retina modified-icon elementor-vertical-align-top elementor-widget elementor-widget-image-box\" data-id=\"7015d23\" data-element_type=\"widget\" data-widget_type=\"image-box.default\">\n\t\t\t\t<div class=\"elementor-widget-container\">\n\t\t\t<div class=\"elementor-image-box-wrapper\"><figure class=\"elementor-image-box-img\"><img loading=\"lazy\" decoding=\"async\" width=\"51\" height=\"51\" src=\"https:\/\/qualitycontrols.mx\/wp-content\/uploads\/2020\/09\/service-planning.png\" class=\"attachment-full size-full wp-image-3535\" alt=\"\" \/><\/figure><div class=\"elementor-image-box-content\"><h3 class=\"elementor-image-box-title\">Taller de implementaci\u00f3n de indicadores de mejora\u200b<\/h3><\/div><\/div>\t\t<\/div>\n\t\t\t\t<\/div>\n\t\t\t\t\t<\/div>\n\t\t<\/div>\n\t\t\t\t\t\t\t<\/div>\n\t\t<\/section>\n\t\t\t\t<section class=\"elementor-section elementor-top-section elementor-element elementor-element-f040a95 elementor-section-stretched elementor-hidden-phone elementor-section-boxed elementor-section-height-default elementor-section-height-default\" data-id=\"f040a95\" data-element_type=\"section\" data-settings=\"{&quot;stretch_section&quot;:&quot;section-stretched&quot;,&quot;background_background&quot;:&quot;classic&quot;}\">\n\t\t\t\t\t\t<div class=\"elementor-container elementor-column-gap-default\">\n\t\t\t\t\t<div class=\"elementor-column elementor-col-100 elementor-top-column elementor-element elementor-element-e6f7c76\" data-id=\"e6f7c76\" data-element_type=\"column\">\n\t\t\t<div class=\"elementor-widget-wrap elementor-element-populated\">\n\t\t\t\t\t\t\t\t<section class=\"elementor-section elementor-inner-section elementor-element elementor-element-c70a16a elementor-section-boxed elementor-section-height-default elementor-section-height-default\" data-id=\"c70a16a\" data-element_type=\"section\">\n\t\t\t\t\t\t<div class=\"elementor-container elementor-column-gap-default\">\n\t\t\t\t\t<div class=\"elementor-column elementor-col-33 elementor-inner-column elementor-element elementor-element-9c3d187\" data-id=\"9c3d187\" data-element_type=\"column\">\n\t\t\t<div class=\"elementor-widget-wrap\">\n\t\t\t\t\t\t\t\t\t<\/div>\n\t\t<\/div>\n\t\t\t\t<div class=\"elementor-column elementor-col-33 elementor-inner-column elementor-element elementor-element-024296b\" data-id=\"024296b\" data-element_type=\"column\">\n\t\t\t<div class=\"elementor-widget-wrap elementor-element-populated\">\n\t\t\t\t\t\t\t\t<div class=\"elementor-element elementor-element-e50c804 elementor-widget elementor-widget-heading\" data-id=\"e50c804\" data-element_type=\"widget\" data-widget_type=\"heading.default\">\n\t\t\t\t<div class=\"elementor-widget-container\">\n\t\t\t<h3 class=\"elementor-heading-title elementor-size-default\">Nuestros Servicios<\/h3>\t\t<\/div>\n\t\t\t\t<\/div>\n\t\t\t\t\t<\/div>\n\t\t<\/div>\n\t\t\t\t<div class=\"elementor-column elementor-col-33 elementor-inner-column elementor-element elementor-element-c9c1106\" data-id=\"c9c1106\" data-element_type=\"column\">\n\t\t\t<div class=\"elementor-widget-wrap\">\n\t\t\t\t\t\t\t\t\t<\/div>\n\t\t<\/div>\n\t\t\t\t\t\t\t<\/div>\n\t\t<\/section>\n\t\t\t\t<section class=\"elementor-section elementor-inner-section elementor-element elementor-element-eaf085c service-border-top elementor-section-boxed elementor-section-height-default elementor-section-height-default\" data-id=\"eaf085c\" data-element_type=\"section\">\n\t\t\t\t\t\t<div class=\"elementor-container elementor-column-gap-default\">\n\t\t\t\t\t<div class=\"elementor-column elementor-col-16 elementor-inner-column elementor-element elementor-element-428dbca\" data-id=\"428dbca\" data-element_type=\"column\">\n\t\t\t<div class=\"elementor-widget-wrap elementor-element-populated\">\n\t\t\t\t\t\t\t\t<div class=\"elementor-element elementor-element-b2a3310 image-box-heading-space1 radiantthemes-retina elementor-position-top elementor-widget elementor-widget-image-box\" data-id=\"b2a3310\" data-element_type=\"widget\" data-widget_type=\"image-box.default\">\n\t\t\t\t<div class=\"elementor-widget-container\">\n\t\t\t<div class=\"elementor-image-box-wrapper\"><figure class=\"elementor-image-box-img\"><img loading=\"lazy\" decoding=\"async\" width=\"51\" height=\"51\" src=\"https:\/\/qualitycontrols.mx\/wp-content\/uploads\/2020\/11\/service-brand.png\" class=\"attachment-full size-full wp-image-32559\" alt=\"\" \/><\/figure><div class=\"elementor-image-box-content\"><h3 class=\"elementor-image-box-title\">Lean Manufacturing\u200b<\/h3><\/div><\/div>\t\t<\/div>\n\t\t\t\t<\/div>\n\t\t\t\t\t<\/div>\n\t\t<\/div>\n\t\t\t\t<div class=\"elementor-column elementor-col-16 elementor-inner-column elementor-element elementor-element-34877fe\" data-id=\"34877fe\" data-element_type=\"column\">\n\t\t\t<div class=\"elementor-widget-wrap elementor-element-populated\">\n\t\t\t\t\t\t\t\t<div class=\"elementor-element elementor-element-5304e5a image-box-heading-space1 radiantthemes-retina elementor-position-top elementor-widget elementor-widget-image-box\" data-id=\"5304e5a\" data-element_type=\"widget\" data-widget_type=\"image-box.default\">\n\t\t\t\t<div class=\"elementor-widget-container\">\n\t\t\t<div class=\"elementor-image-box-wrapper\"><figure class=\"elementor-image-box-img\"><img loading=\"lazy\" decoding=\"async\" width=\"50\" height=\"50\" src=\"https:\/\/qualitycontrols.mx\/wp-content\/uploads\/2020\/11\/coffee.png\" class=\"attachment-full size-full wp-image-32556\" alt=\"\" \/><\/figure><div class=\"elementor-image-box-content\"><h3 class=\"elementor-image-box-title\">Seguridad e Inocuidad de Alimentos\u200b<\/h3><\/div><\/div>\t\t<\/div>\n\t\t\t\t<\/div>\n\t\t\t\t\t<\/div>\n\t\t<\/div>\n\t\t\t\t<div class=\"elementor-column elementor-col-16 elementor-inner-column elementor-element elementor-element-ccf69e8\" data-id=\"ccf69e8\" data-element_type=\"column\">\n\t\t\t<div class=\"elementor-widget-wrap elementor-element-populated\">\n\t\t\t\t\t\t\t\t<div class=\"elementor-element elementor-element-8071d5e image-box-heading-space1 radiantthemes-retina elementor-position-top elementor-widget elementor-widget-image-box\" data-id=\"8071d5e\" data-element_type=\"widget\" data-widget_type=\"image-box.default\">\n\t\t\t\t<div class=\"elementor-widget-container\">\n\t\t\t<div class=\"elementor-image-box-wrapper\"><figure class=\"elementor-image-box-img\"><img loading=\"lazy\" decoding=\"async\" width=\"512\" height=\"512\" src=\"https:\/\/qualitycontrols.mx\/wp-content\/uploads\/2022\/03\/sales.png\" class=\"attachment-full size-full wp-image-32991\" alt=\"\" srcset=\"https:\/\/qualitycontrols.mx\/wp-content\/uploads\/2022\/03\/sales.png 512w, https:\/\/qualitycontrols.mx\/wp-content\/uploads\/2022\/03\/sales-300x300.png 300w, https:\/\/qualitycontrols.mx\/wp-content\/uploads\/2022\/03\/sales-150x150.png 150w, https:\/\/qualitycontrols.mx\/wp-content\/uploads\/2022\/03\/sales-100x100.png 100w\" sizes=\"(max-width: 512px) 100vw, 512px\" \/><\/figure><div class=\"elementor-image-box-content\"><h3 class=\"elementor-image-box-title\">Ventas Exitosas\u200b<\/h3><\/div><\/div>\t\t<\/div>\n\t\t\t\t<\/div>\n\t\t\t\t\t<\/div>\n\t\t<\/div>\n\t\t\t\t<div class=\"elementor-column elementor-col-16 elementor-inner-column elementor-element elementor-element-f5bf0a1\" data-id=\"f5bf0a1\" data-element_type=\"column\">\n\t\t\t<div class=\"elementor-widget-wrap elementor-element-populated\">\n\t\t\t\t\t\t\t\t<div class=\"elementor-element elementor-element-11a0c69 image-box-heading-space1 radiantthemes-retina elementor-position-top elementor-widget elementor-widget-image-box\" data-id=\"11a0c69\" data-element_type=\"widget\" data-widget_type=\"image-box.default\">\n\t\t\t\t<div class=\"elementor-widget-container\">\n\t\t\t<div class=\"elementor-image-box-wrapper\"><figure class=\"elementor-image-box-img\"><img loading=\"lazy\" decoding=\"async\" width=\"512\" height=\"512\" src=\"https:\/\/qualitycontrols.mx\/wp-content\/uploads\/2022\/03\/briefcase.png\" class=\"attachment-full size-full wp-image-32990\" alt=\"\" srcset=\"https:\/\/qualitycontrols.mx\/wp-content\/uploads\/2022\/03\/briefcase.png 512w, https:\/\/qualitycontrols.mx\/wp-content\/uploads\/2022\/03\/briefcase-300x300.png 300w, https:\/\/qualitycontrols.mx\/wp-content\/uploads\/2022\/03\/briefcase-150x150.png 150w, https:\/\/qualitycontrols.mx\/wp-content\/uploads\/2022\/03\/briefcase-100x100.png 100w\" sizes=\"(max-width: 512px) 100vw, 512px\" \/><\/figure><div class=\"elementor-image-box-content\"><h3 class=\"elementor-image-box-title\">Plan de Negocios\u200b<\/h3><\/div><\/div>\t\t<\/div>\n\t\t\t\t<\/div>\n\t\t\t\t\t<\/div>\n\t\t<\/div>\n\t\t\t\t<div class=\"elementor-column elementor-col-16 elementor-inner-column elementor-element elementor-element-b9b0862\" data-id=\"b9b0862\" data-element_type=\"column\">\n\t\t\t<div class=\"elementor-widget-wrap elementor-element-populated\">\n\t\t\t\t\t\t\t\t<div class=\"elementor-element elementor-element-5e2bfd9 image-box-heading-space1 radiantthemes-retina elementor-position-top elementor-widget elementor-widget-image-box\" data-id=\"5e2bfd9\" data-element_type=\"widget\" data-widget_type=\"image-box.default\">\n\t\t\t\t<div class=\"elementor-widget-container\">\n\t\t\t<div class=\"elementor-image-box-wrapper\"><figure class=\"elementor-image-box-img\"><img loading=\"lazy\" decoding=\"async\" width=\"512\" height=\"512\" src=\"https:\/\/qualitycontrols.mx\/wp-content\/uploads\/2022\/03\/verified.png\" class=\"attachment-full size-full wp-image-32984\" alt=\"\" srcset=\"https:\/\/qualitycontrols.mx\/wp-content\/uploads\/2022\/03\/verified.png 512w, https:\/\/qualitycontrols.mx\/wp-content\/uploads\/2022\/03\/verified-300x300.png 300w, https:\/\/qualitycontrols.mx\/wp-content\/uploads\/2022\/03\/verified-150x150.png 150w, https:\/\/qualitycontrols.mx\/wp-content\/uploads\/2022\/03\/verified-100x100.png 100w\" sizes=\"(max-width: 512px) 100vw, 512px\" \/><\/figure><div class=\"elementor-image-box-content\"><h3 class=\"elementor-image-box-title\">Seguridad y Salud Laboral\u200b<\/h3><\/div><\/div>\t\t<\/div>\n\t\t\t\t<\/div>\n\t\t\t\t\t<\/div>\n\t\t<\/div>\n\t\t\t\t<div class=\"elementor-column elementor-col-16 elementor-inner-column elementor-element elementor-element-423b70f\" data-id=\"423b70f\" data-element_type=\"column\">\n\t\t\t<div class=\"elementor-widget-wrap elementor-element-populated\">\n\t\t\t\t\t\t\t\t<div class=\"elementor-element elementor-element-e937d10 image-box-heading-space1  radiantthemes-retina elementor-position-top elementor-widget elementor-widget-image-box\" data-id=\"e937d10\" data-element_type=\"widget\" data-widget_type=\"image-box.default\">\n\t\t\t\t<div class=\"elementor-widget-container\">\n\t\t\t<div class=\"elementor-image-box-wrapper\"><figure class=\"elementor-image-box-img\"><img loading=\"lazy\" decoding=\"async\" width=\"512\" height=\"512\" src=\"https:\/\/qualitycontrols.mx\/wp-content\/uploads\/2022\/03\/shopping-cart.png\" class=\"attachment-full size-full wp-image-32989\" alt=\"\" srcset=\"https:\/\/qualitycontrols.mx\/wp-content\/uploads\/2022\/03\/shopping-cart.png 512w, https:\/\/qualitycontrols.mx\/wp-content\/uploads\/2022\/03\/shopping-cart-300x300.png 300w, https:\/\/qualitycontrols.mx\/wp-content\/uploads\/2022\/03\/shopping-cart-150x150.png 150w, https:\/\/qualitycontrols.mx\/wp-content\/uploads\/2022\/03\/shopping-cart-100x100.png 100w\" sizes=\"(max-width: 512px) 100vw, 512px\" \/><\/figure><div class=\"elementor-image-box-content\"><h3 class=\"elementor-image-box-title\">Control y manejo de inventarios y almac\u00e9n\u200b<\/h3><\/div><\/div>\t\t<\/div>\n\t\t\t\t<\/div>\n\t\t\t\t\t<\/div>\n\t\t<\/div>\n\t\t\t\t\t\t\t<\/div>\n\t\t<\/section>\n\t\t\t\t\t<\/div>\n\t\t<\/div>\n\t\t\t\t\t\t\t<\/div>\n\t\t<\/section>\n\t\t\t\t\t\t\t<\/div>\n\t\t","protected":false},"excerpt":{"rendered":"<p>Certificaciones Certificaci\u00f3n de Sistemas de Calidad en ISO 9001, ISO 14001, ISO 45001 e ISO 37001 Diagn\u00f3stico del Sistema de Calidad. Elaboraci\u00f3n de Manuales y Procedimientos. Implantaci\u00f3n del Sistema de Gesti\u00f3n de Calidad.\u200b Auditor\u00edas Internas de Calidad.\u200b \u200b Cursos y talleres Curso de las 7 Herramientas Estad\u00edsticas.\u200b Implementaci\u00f3n de Equipos de Mejora\u200b \u200b Taller de [&hellip;]<\/p>\n","protected":false},"author":1,"featured_media":3460,"parent":0,"menu_order":0,"comment_status":"closed","ping_status":"closed","template":"elementor_header_footer","meta":{"_acf_changed":false,"footnotes":""},"acf":[],"_links":{"self":[{"href":"https:\/\/qualitycontrols.mx\/index.php?rest_route=\/wp\/v2\/pages\/3458"}],"collection":[{"href":"https:\/\/qualitycontrols.mx\/index.php?rest_route=\/wp\/v2\/pages"}],"about":[{"href":"https:\/\/qualitycontrols.mx\/index.php?rest_route=\/wp\/v2\/types\/page"}],"author":[{"embeddable":true,"href":"https:\/\/qualitycontrols.mx\/index.php?rest_route=\/wp\/v2\/users\/1"}],"replies":[{"embeddable":true,"href":"https:\/\/qualitycontrols.mx\/index.php?rest_route=%2Fwp%2Fv2%2Fcomments&post=3458"}],"version-history":[{"count":13,"href":"https:\/\/qualitycontrols.mx\/index.php?rest_route=\/wp\/v2\/pages\/3458\/revisions"}],"predecessor-version":[{"id":32995,"href":"https:\/\/qualitycontrols.mx\/index.php?rest_route=\/wp\/v2\/pages\/3458\/revisions\/32995"}],"wp:featuredmedia":[{"embeddable":true,"href":"https:\/\/qualitycontrols.mx\/index.php?rest_route=\/wp\/v2\/media\/3460"}],"wp:attachment":[{"href":"https:\/\/qualitycontrols.mx\/index.php?rest_route=%2Fwp%2Fv2%2Fmedia&parent=3458"}],"curies":[{"name":"wp","href":"https:\/\/api.w.org\/{rel}","templated":true}]}}